{"id":6,"date":"2024-06-12T18:20:09","date_gmt":"2024-06-12T18:20:09","guid":{"rendered":"https:\/\/www.ibjfonden.dk\/?page_id=6"},"modified":"2024-08-03T09:53:21","modified_gmt":"2024-08-03T09:53:21","slug":"ingvar-bundgaard-jensen-fonden","status":"publish","type":"page","link":"https:\/\/www.ibjfonden.dk\/","title":{"rendered":"Ingvar Bundgaard Jensen Fonden"},"content":{"rendered":"\n<div class=\"wp-block-media-text is-stacked-on-mobile\" style=\"grid-template-columns:20% auto\"><figure class=\"wp-block-media-text__media\"><img loading=\"lazy\" decoding=\"async\" width=\"451\" height=\"451\" src=\"https:\/\/www.ibjfonden.dk\/wp-content\/uploads\/2024\/06\/WhatsApp_Billede-2024-03-15-kl.-20.51.39_bfa6d3e9.jpg\" alt=\"\" class=\"wp-image-76 size-full\" srcset=\"https:\/\/www.ibjfonden.dk\/wp-content\/uploads\/2024\/06\/WhatsApp_Billede-2024-03-15-kl.-20.51.39_bfa6d3e9.jpg 451w, https:\/\/www.ibjfonden.dk\/wp-content\/uploads\/2024\/06\/WhatsApp_Billede-2024-03-15-kl.-20.51.39_bfa6d3e9-300x300.jpg 300w, https:\/\/www.ibjfonden.dk\/wp-content\/uploads\/2024\/06\/WhatsApp_Billede-2024-03-15-kl.-20.51.39_bfa6d3e9-150x150.jpg 150w, https:\/\/www.ibjfonden.dk\/wp-content\/uploads\/2024\/06\/WhatsApp_Billede-2024-03-15-kl.-20.51.39_bfa6d3e9-60x60.jpg 60w\" sizes=\"auto, (max-width: 451px) 100vw, 451px\" \/><\/figure><div class=\"wp-block-media-text__content\">\n<p>Ingvar Bundgaard Jensen (IBJ) Fonden st\u00f8tter bevarelse af koralrev og en b\u00e6redygtig forvaltning af marine og kystn\u00e6re \u00f8kosystemer.<\/p>\n<\/div><\/div>\n\n\n\n<p><\/p>\n\n\n\n<figure class=\"wp-block-image size-large\"><img loading=\"lazy\" decoding=\"async\" width=\"1024\" height=\"493\" src=\"https:\/\/www.ibjfonden.dk\/wp-content\/uploads\/2024\/06\/honduras22-1-1024x493.png\" alt=\"\" class=\"wp-image-35\" srcset=\"https:\/\/www.ibjfonden.dk\/wp-content\/uploads\/2024\/06\/honduras22-1-1024x493.png 1024w, https:\/\/www.ibjfonden.dk\/wp-content\/uploads\/2024\/06\/honduras22-1-300x145.png 300w, https:\/\/www.ibjfonden.dk\/wp-content\/uploads\/2024\/06\/honduras22-1-768x370.png 768w, https:\/\/www.ibjfonden.dk\/wp-content\/uploads\/2024\/06\/honduras22-1-1536x740.png 1536w, https:\/\/www.ibjfonden.dk\/wp-content\/uploads\/2024\/06\/honduras22-1.png 1600w\" sizes=\"auto, (max-width: 1024px) 100vw, 1024px\" \/><\/figure>\n\n\n\n<h2 class=\"wp-block-heading\">Form\u00e5l<\/h2>\n\n\n\n<p>Koralrev forekommer i mere end 100 lande og territorier, og selvom de kun d\u00e6kker et mindre omr\u00e5de af havbunden, underst\u00f8tter de mindst 25% af havets arter. Koralrev bidrager v\u00e6sentligt til kystbeskyttelse, velv\u00e6re, mad og \u00f8konomisk sikkerhed for hundredvis af millioner af mennesker.<\/p>\n\n\n\n<p>Koralrev er dog blandt de mest s\u00e5rbare \u00f8kosystemer p\u00e5 jorden og er truet af klima\u00e6ndringer med stigende temperaturer og havforsuring. Samtidig er der lokale p\u00e5virkninger fra landbaseret forurening, s\u00e5som tilf\u00f8rsel af n\u00e6ringsstoffer og sedimenter fra landbrug, forurening, rovfiskeri og \u00f8del\u00e6ggende fiskemetoder. <\/p>\n\n\n\n<p>IBJ Fonden kan st\u00f8tte projekter og initiativer i alle lande med koralrev. For at opn\u00e5 st\u00f8rst mulig effekt i sin tildeling af midler vil Fonden s\u00f8ge at st\u00f8tte projekter og aktiviteter i omr\u00e5der, hvor koralrevs \u00f8kosystemer har stor artsrigdom og samtidig er truet og under pres. Fonden kan st\u00f8tte dataindsamling og forskning, der bidrager til forbedring og bevaring af koral og tilsvarende \u00f8kosystemer herunder mangrover og s\u00f8gr\u00e6s.<\/p>\n\n\n\n<p>Fonden kan ogs\u00e5 st\u00f8tte udvikling af lokale kommercielle aktiviteter herunder turisme, der vil forbedre og sikre bevaring af koralrevs \u00f8kosystemer. Fonden vil prioritere projekter og aktiviteter, der har en inddragelse af lokalbefolkningen i bevarelse og forvaltning af de lokale kyst- og marine naturressourcer.<\/p>\n\n\n\n<p>Fonden l\u00e6gger v\u00e6gt p\u00e5 at b\u00e5de kvinder og m\u00e6nd inddrages p\u00e5 lige fod i udf\u00f8relsen af projekter og lignende aktiviteter. Ligeledes vil det v\u00e6re vigtigt, at unge m\u00e6nd og kvinder deltager i projekter st\u00f8ttet af IBJ Fonden med henblik p\u00e5 at skabe b\u00e6redygtige jobs og indkomst.<\/p>\n\n\n\n<p>Fonden kan st\u00f8tte et fuldt projekt eller medfinansiere st\u00f8rre eller mindre dele af et projekt. IBJ Fonden kan indg\u00e5 strategiske partnerskaber med ligesindede organisationer omkring udf\u00f8relsen af et projekt. Et strategisk partnerskab kan medvirke til at skabe flere resultater med mindre forpligtelser til eftersyn og monitering fra Fondens side.<\/p>\n\n\n\n<p>IBJ Fonden administrerer selv forvaltningen af projektbevillinger herunder projektbes\u00f8g. Fonden&nbsp; kan ogs\u00e5, hvor det sk\u00f8nnes at v\u00e6re hensigtsm\u00e6ssigt, benytte konsulenter med den n\u00f8dvendige faglige viden. Herunder er en video IBJ Fondens aktiviteter i Honduras.<\/p>\n\n\n\n<figure class=\"wp-block-embed is-type-video is-provider-youtube wp-block-embed-youtube wp-embed-aspect-16-9 wp-has-aspect-ratio\"><div class=\"wp-block-embed__wrapper\">\n<iframe loading=\"lazy\" title=\"IBJ  Supporting the Caribbean Reef\" width=\"648\" height=\"365\" src=\"https:\/\/www.youtube.com\/embed\/6gjgyW0tv8I?feature=oembed\" frameborder=\"0\" allow=\"accelerometer; autoplay; clipboard-write; encrypted-media; gyroscope; picture-in-picture; web-share\" referrerpolicy=\"strict-origin-when-cross-origin\" allowfullscreen><\/iframe>\n<\/div><\/figure>\n","protected":false},"excerpt":{"rendered":"<p>Ingvar Bundgaard Jensen (IBJ) Fonden st\u00f8tter bevarelse af koralrev og en b\u00e6redygtig forvaltning af marine og kystn\u00e6re \u00f8kosystemer. Form\u00e5l Koralrev forekommer i mere end 100 lande og territorier, og selvom de kun d\u00e6kker et mindre omr\u00e5de af havbunden, underst\u00f8tter de mindst 25% af havets arter. Koralrev bidrager v\u00e6sentligt til kystbeskyttelse, velv\u00e6re, mad og \u00f8konomisk sikkerhed [&hellip;]<\/p>\n","protected":false},"author":1,"featured_media":0,"parent":2,"menu_order":1,"comment_status":"closed","ping_status":"closed","template":"","meta":{"footnotes":""},"class_list":["post-6","page","type-page","status-publish","hentry"],"_links":{"self":[{"href":"https:\/\/www.ibjfonden.dk\/index.php\/wp-json\/wp\/v2\/pages\/6","targetHints":{"allow":["GET"]}}],"collection":[{"href":"https:\/\/www.ibjfonden.dk\/index.php\/wp-json\/wp\/v2\/pages"}],"about":[{"href":"https:\/\/www.ibjfonden.dk\/index.php\/wp-json\/wp\/v2\/types\/page"}],"author":[{"embeddable":true,"href":"https:\/\/www.ibjfonden.dk\/index.php\/wp-json\/wp\/v2\/users\/1"}],"replies":[{"embeddable":true,"href":"https:\/\/www.ibjfonden.dk\/index.php\/wp-json\/wp\/v2\/comments?post=6"}],"version-history":[{"count":17,"href":"https:\/\/www.ibjfonden.dk\/index.php\/wp-json\/wp\/v2\/pages\/6\/revisions"}],"predecessor-version":[{"id":93,"href":"https:\/\/www.ibjfonden.dk\/index.php\/wp-json\/wp\/v2\/pages\/6\/revisions\/93"}],"up":[{"embeddable":true,"href":"https:\/\/www.ibjfonden.dk\/index.php\/wp-json\/wp\/v2\/pages\/2"}],"wp:attachment":[{"href":"https:\/\/www.ibjfonden.dk\/index.php\/wp-json\/wp\/v2\/media?parent=6"}],"curies":[{"name":"wp","href":"https:\/\/api.w.org\/{rel}","templated":true}]}}